{"id":27,"date":"2021-09-15T15:58:37","date_gmt":"2021-09-15T15:58:37","guid":{"rendered":"https:\/\/doc.bim.fm\/?page_id=27"},"modified":"2023-06-30T08:43:57","modified_gmt":"2023-06-30T08:43:57","slug":"home","status":"publish","type":"page","link":"https:\/\/doc.bim.fm\/","title":{"rendered":"Guide utilisateur"},"content":{"rendered":"\n<div class=\"wp-block-group alignwide\"><div class=\"wp-block-group__inner-container\">\n<div class=\"wp-block-columns\">\n<div class=\"wp-block-column\">\n<p><strong>BIMFM<\/strong> est un service Web de stockage et de partage de fichiers sp\u00e9cialis\u00e9 pour les projets de construction.<\/p>\n\n\n\n<p>Ce guide pr\u00e9sente les fonctionnalit\u00e9s de la plateforme et vous aide, pas \u00e0 pas, dans son utilisation quotidienne.<\/p>\n<\/div>\n<\/div>\n<\/div><\/div>\n","protected":false},"excerpt":{"rendered":"<p>BIMFM est un service Web de stockage et de partage de fichiers sp\u00e9cialis\u00e9 pour les projets de construction. Ce guide pr\u00e9sente les fonctionnalit\u00e9s de la plateforme et vous aide, pas \u00e0 pas, dans son utilisation quotidienne.<\/p>\n","protected":false},"author":2,"featured_media":0,"parent":0,"menu_order":0,"comment_status":"closed","ping_status":"closed","template":"","meta":[],"_links":{"self":[{"href":"https:\/\/doc.bim.fm\/index.php\/wp-json\/wp\/v2\/pages\/27"}],"collection":[{"href":"https:\/\/doc.bim.fm\/index.php\/wp-json\/wp\/v2\/pages"}],"about":[{"href":"https:\/\/doc.bim.fm\/index.php\/wp-json\/wp\/v2\/types\/page"}],"author":[{"embeddable":true,"href":"https:\/\/doc.bim.fm\/index.php\/wp-json\/wp\/v2\/users\/2"}],"replies":[{"embeddable":true,"href":"https:\/\/doc.bim.fm\/index.php\/wp-json\/wp\/v2\/comments?post=27"}],"version-history":[{"count":41,"href":"https:\/\/doc.bim.fm\/index.php\/wp-json\/wp\/v2\/pages\/27\/revisions"}],"predecessor-version":[{"id":1098,"href":"https:\/\/doc.bim.fm\/index.php\/wp-json\/wp\/v2\/pages\/27\/revisions\/1098"}],"wp:attachment":[{"href":"https:\/\/doc.bim.fm\/index.php\/wp-json\/wp\/v2\/media?parent=27"}],"curies":[{"name":"wp","href":"https:\/\/api.w.org\/{rel}","templated":true}]}}